{"id":3080,"date":"2020-10-30T07:40:30","date_gmt":"2020-10-30T07:40:30","guid":{"rendered":"https:\/\/pameauto.cz\/?page_id=3080"},"modified":"2022-12-19T11:24:05","modified_gmt":"2022-12-19T11:24:05","slug":"autodoprava","status":"publish","type":"page","link":"https:\/\/pameauto.cz\/en\/autodoprava\/","title":{"rendered":"Cargo transportation"},"content":{"rendered":"<p><section class=\"fw-main-row  ls section_padding_top_15 section_padding_bottom_15 columns_padding_15\" style=\"\" >\n\t<div class=\"container\">\n\t\t<div class=\"row\">\n\t\t\t<div  id=\"column-8045858\" class=\"fw-column fw-column col-xs-12 col-md-6 to_animate\" data-animation=\"fadeInLeft\">\n\n\t<div class=\"column-overlay\"><\/div>\n\n\t<div class=\"fw-column-inner\"><img class=\"shortcode-media-image\" src=\"\/\/pameauto.cz\/wp-content\/uploads\/2020\/10\/Preprava-automobilu-HD-pame-auto.jpg\" alt=\"Pame-auto P\u0159eprava automobilu HD pame-auto\" \/>    <\/div>\n<\/div>\n<div  id=\"column-eb685e8\" class=\"fw-column fw-column col-xs-12 col-md-6 to_animate\" data-animation=\"fadeInRight\">\n\n\t<div class=\"column-overlay\"><\/div>\n\n\t<div class=\"fw-column-inner\"><div class=\"text-left\">\n\t<h3 class=\"section_header\">\n\t<span class=\"thin text-uppercase\">\n\t\tTRANSPORTATION <strong>OF CARS, MOTORCYCLES AND CARAVANS<\/strong>\t<\/span>\n\t<\/h3>\n<\/div>\n\n\t<div class=\"fw-divider-zebra\"><hr class=\"zebra_bg divider_left\"\/><\/div>\n\n<div class=\"text-block\">\n\t<p class=\" translation-block\">Transportation of cars, sports, commercial and small trucks, caravans and motorcycles in the Czech Republic and the EU. We guarantee high quality technology and staff.<\/p><\/div>\n<div class=\"text-block\">\n\t<ul class=\"list2 grey\"><li>TRANSPORTATION <strong>of cars, sports and special cars<\/strong><\/li><li>TRANSPORTATION <strong>of commercial vehicles<\/strong><\/li><li>TRANSPORTATION <strong>of small trucks<\/strong><\/li><li>TRANSPORTATION <strong>of caravans<\/strong><\/li><li>TRANSPORTATION <strong>of motorcycles<\/strong><\/li><\/ul><\/div>\n    <\/div>\n<\/div>\n<div  id=\"column-c394382\" class=\"fw-column fw-column col-xs-12\" >\n\n\t<div class=\"column-overlay\"><\/div>\n\n\t<div class=\"fw-column-inner\"><div class=\"owl-carousel\"\n     data-items=\"2\"\n     data-loop=\"true\"\n     data-nav=\"false\"\n     data-dots=\"false\"\n     data-center=\"false\"\n     data-autoplay=\"false\"\n     data-speed=\"5000\"\n     data-responsive-lg=\"2\"\n     data-responsive-md=\"2\"\n     data-responsive-sm=\"3\"\n     data-responsive-xs=\"1\"\n     data-margin=\"30\"\n>\n\t\t\t\t<div>\n\t\t\t\t<img width=\"512\" height=\"384\" src=\"https:\/\/pameauto.cz\/wp-content\/uploads\/2020\/10\/pame-auto-prevoz-osobnich-automobilu-5.jpg\" class=\"attachment-towy-square size-towy-square\" alt=\"pame-auto p\u0159evoz osobn\u00edch automobil\u016f\" loading=\"lazy\" title=\"\" srcset=\"https:\/\/pameauto.cz\/wp-content\/uploads\/2020\/10\/pame-auto-prevoz-osobnich-automobilu-5.jpg 512w, https:\/\/pameauto.cz\/wp-content\/uploads\/2020\/10\/pame-auto-prevoz-osobnich-automobilu-5-300x225.jpg 300w, https:\/\/pameauto.cz\/wp-content\/uploads\/2020\/10\/pame-auto-prevoz-osobnich-automobilu-5-16x12.jpg 16w\" sizes=\"(max-width: 512px) 100vw, 512px\" \/>\t\t\t\t\t<!--<img src=\"\/\/pameauto.cz\/wp-content\/uploads\/2020\/10\/pame-auto-prevoz-osobnich-automobilu-5.jpg\"\n\t\t\t\t\t     alt=\"\">-->\n\t\t\t\t\t\t\t\t<\/div>\n\t\t\t\t\t\t<div>\n\t\t\t\t<img width=\"512\" height=\"384\" src=\"https:\/\/pameauto.cz\/wp-content\/uploads\/2020\/10\/Odtah-vozidla.jpg\" class=\"attachment-towy-square size-towy-square\" alt=\"P\u0159eprava vozidla pame-auto\" loading=\"lazy\" title=\"\" srcset=\"https:\/\/pameauto.cz\/wp-content\/uploads\/2020\/10\/Odtah-vozidla.jpg 512w, https:\/\/pameauto.cz\/wp-content\/uploads\/2020\/10\/Odtah-vozidla-300x225.jpg 300w, https:\/\/pameauto.cz\/wp-content\/uploads\/2020\/10\/Odtah-vozidla-16x12.jpg 16w\" sizes=\"(max-width: 512px) 100vw, 512px\" \/>\t\t\t\t\t<!--<img src=\"\/\/pameauto.cz\/wp-content\/uploads\/2020\/10\/Odtah-vozidla.jpg\"\n\t\t\t\t\t     alt=\"\">-->\n\t\t\t\t\t\t\t\t<\/div>\n\t\t\t<\/div>\n    <\/div>\n<\/div>\n<div  id=\"column-4fc15b8\" class=\"fw-column fw-column col-xs-12\" >\n\n\t<div class=\"column-overlay\"><\/div>\n\n\t<div class=\"fw-column-inner\"><div class=\"owl-carousel\"\n     data-items=\"3\"\n     data-loop=\"true\"\n     data-nav=\"false\"\n     data-dots=\"true\"\n     data-center=\"true\"\n     data-autoplay=\"false\"\n     data-speed=\"5000\"\n     data-responsive-lg=\"3\"\n     data-responsive-md=\"3\"\n     data-responsive-sm=\"3\"\n     data-responsive-xs=\"1\"\n     data-margin=\"30\"\n>\n\t\t\t\t<div>\n\t\t\t\t<img width=\"512\" height=\"384\" src=\"https:\/\/pameauto.cz\/wp-content\/uploads\/2020\/10\/Pame-auto-prevoz-motorky.jpg\" class=\"attachment-towy-square size-towy-square\" alt=\"\" loading=\"lazy\" title=\"\" srcset=\"https:\/\/pameauto.cz\/wp-content\/uploads\/2020\/10\/Pame-auto-prevoz-motorky.jpg 512w, https:\/\/pameauto.cz\/wp-content\/uploads\/2020\/10\/Pame-auto-prevoz-motorky-300x225.jpg 300w, https:\/\/pameauto.cz\/wp-content\/uploads\/2020\/10\/Pame-auto-prevoz-motorky-16x12.jpg 16w\" sizes=\"(max-width: 512px) 100vw, 512px\" \/>\t\t\t\t\t<!--<img src=\"\/\/pameauto.cz\/wp-content\/uploads\/2020\/10\/Pame-auto-prevoz-motorky.jpg\"\n\t\t\t\t\t     alt=\"\">-->\n\t\t\t\t\t\t\t\t<\/div>\n\t\t\t\t\t\t<div>\n\t\t\t\t<img width=\"512\" height=\"384\" src=\"https:\/\/pameauto.cz\/wp-content\/uploads\/2020\/10\/pame-auto-prevoz-osobnich-automobilu-2.jpg\" class=\"attachment-towy-square size-towy-square\" alt=\"\" loading=\"lazy\" title=\"\" srcset=\"https:\/\/pameauto.cz\/wp-content\/uploads\/2020\/10\/pame-auto-prevoz-osobnich-automobilu-2.jpg 512w, https:\/\/pameauto.cz\/wp-content\/uploads\/2020\/10\/pame-auto-prevoz-osobnich-automobilu-2-300x225.jpg 300w, https:\/\/pameauto.cz\/wp-content\/uploads\/2020\/10\/pame-auto-prevoz-osobnich-automobilu-2-16x12.jpg 16w\" sizes=\"(max-width: 512px) 100vw, 512px\" \/>\t\t\t\t\t<!--<img src=\"\/\/pameauto.cz\/wp-content\/uploads\/2020\/10\/pame-auto-prevoz-osobnich-automobilu-2.jpg\"\n\t\t\t\t\t     alt=\"\">-->\n\t\t\t\t\t\t\t\t<\/div>\n\t\t\t\t\t\t<div>\n\t\t\t\t<img width=\"512\" height=\"384\" src=\"https:\/\/pameauto.cz\/wp-content\/uploads\/2020\/10\/pame-auto-prevoz-osobnich-automobilu.jpg\" class=\"attachment-towy-square size-towy-square\" alt=\"P\u0159eprava vozidla pame-auto\" loading=\"lazy\" title=\"\" srcset=\"https:\/\/pameauto.cz\/wp-content\/uploads\/2020\/10\/pame-auto-prevoz-osobnich-automobilu.jpg 512w, https:\/\/pameauto.cz\/wp-content\/uploads\/2020\/10\/pame-auto-prevoz-osobnich-automobilu-300x225.jpg 300w, https:\/\/pameauto.cz\/wp-content\/uploads\/2020\/10\/pame-auto-prevoz-osobnich-automobilu-16x12.jpg 16w\" sizes=\"(max-width: 512px) 100vw, 512px\" \/>\t\t\t\t\t<!--<img src=\"\/\/pameauto.cz\/wp-content\/uploads\/2020\/10\/pame-auto-prevoz-osobnich-automobilu.jpg\"\n\t\t\t\t\t     alt=\"\">-->\n\t\t\t\t\t\t\t\t<\/div>\n\t\t\t<\/div>\n    <\/div>\n<\/div>\n\t\t<\/div>\n\t<\/div>\n<\/section>\n<section class=\"fw-main-row  ls section_padding_top_15 section_padding_bottom_15 columns_padding_15\" style=\"\" >\n\t<div class=\"container\">\n\t\t<div class=\"row\">\n\t\t\t<div  id=\"column-294227f\" class=\"fw-column fw-column col-xs-12\" >\n\n\t<div class=\"column-overlay\"><\/div>\n\n\t<div class=\"fw-column-inner\">\n\t<div class=\"fw-divider-zebra\"><hr class=\"zebra_bg divider_center\"\/><\/div>\n\n    <\/div>\n<\/div>\n<div  id=\"column-a9ba200\" class=\"fw-column fw-column col-xs-12 col-md-6 to_animate\" data-animation=\"fadeInRight\">\n\n\t<div class=\"column-overlay\"><\/div>\n\n\t<div class=\"fw-column-inner\"><div class=\"text-left\">\n\t<h3 class=\"section_header\">\n\t<span class=\"thin text-uppercase\">\n\t\tTRANSPORTATION <strong>n\u00e1kladn\u00edch automobil\u016f a techniky<\/strong>\t<\/span>\n\t<\/h3>\n<\/div>\n\n\t<div class=\"fw-divider-zebra\"><hr class=\"zebra_bg divider_left\"\/><\/div>\n\n<div class=\"text-block\">\n\t<p>M\u00e1me k dispozici 4 speci\u00e1ln\u00ed p\u0159epravn\u00edky na p\u0159epravu ve\u0161ker\u00fdch n\u00e1kladn\u00edch a p\u0159\u00edpojn\u00fdch vozidel, na odvoz lesn\u00ed a zem\u011bd\u011blsk\u00e9 techniky a jin\u00e9. P\u0159eprava nadm\u011brn\u00fdch n\u00e1klad\u016f a odvoz vozidel z STK po cel\u00e9 EU.<\/p><\/div>\n<div class=\"text-block\">\n\t<ul class=\"list2 grey\"><li><strong>Import and export of vehicles within the EU<\/strong><\/li><li>TRANSPORTATION <strong>of trucks, caravans and trailers<\/strong><\/li><li>TRANSPORTATION <strong>of tractors, buses and vans<\/strong><\/li><li>TRANSPORTATION <strong>strojn\u00edho za\u0159\u00edzen\u00ed, obr\u00e1b\u011bc\u00edch&nbsp; a zem\u011bd\u011blsk\u00fdch stroj\u016f<\/strong><\/li><li>TRANSPORTATION <strong>of construction machinery and earthmoving machinery<\/strong><\/li><\/ul><\/div>\n    <\/div>\n<\/div>\n<div  id=\"column-d4262c8\" class=\"fw-column fw-column col-xs-12 col-md-6 to_animate\" data-animation=\"fadeInLeft\">\n\n\t<div class=\"column-overlay\"><\/div>\n\n\t<div class=\"fw-column-inner\"><img class=\"shortcode-media-image\" src=\"\/\/pameauto.cz\/wp-content\/uploads\/2020\/10\/051.jpg\" alt=\"\/\/pameauto.cz\/wp-content\/uploads\/2020\/10\/051.jpg\" \/>    <\/div>\n<\/div>\n<div  id=\"column-d6f5511\" class=\"fw-column fw-column col-xs-12\" >\n\n\t<div class=\"column-overlay\"><\/div>\n\n\t<div class=\"fw-column-inner\"><div class=\"owl-carousel\"\n     data-items=\"3\"\n     data-loop=\"false\"\n     data-nav=\"false\"\n     data-dots=\"true\"\n     data-center=\"false\"\n     data-autoplay=\"true\"\n     data-speed=\"5000\"\n     data-responsive-lg=\"3\"\n     data-responsive-md=\"3\"\n     data-responsive-sm=\"3\"\n     data-responsive-xs=\"1\"\n     data-margin=\"30\"\n>\n\t\t\t\t<div>\n\t\t\t\t<img width=\"512\" height=\"384\" src=\"https:\/\/pameauto.cz\/wp-content\/uploads\/2020\/10\/pame-auto-prevoz-traktora.jpg\" class=\"attachment-towy-square size-towy-square\" alt=\"pame-auto p\u0159evoz traktora\" loading=\"lazy\" title=\"\" srcset=\"https:\/\/pameauto.cz\/wp-content\/uploads\/2020\/10\/pame-auto-prevoz-traktora.jpg 512w, https:\/\/pameauto.cz\/wp-content\/uploads\/2020\/10\/pame-auto-prevoz-traktora-300x225.jpg 300w, https:\/\/pameauto.cz\/wp-content\/uploads\/2020\/10\/pame-auto-prevoz-traktora-16x12.jpg 16w\" sizes=\"(max-width: 512px) 100vw, 512px\" \/>\t\t\t\t\t<!--<img src=\"\/\/pameauto.cz\/wp-content\/uploads\/2020\/10\/pame-auto-prevoz-traktora.jpg\"\n\t\t\t\t\t     alt=\"\">-->\n\t\t\t\t\t\t\t\t<\/div>\n\t\t\t\t\t\t<div>\n\t\t\t\t<img width=\"512\" height=\"384\" src=\"https:\/\/pameauto.cz\/wp-content\/uploads\/2020\/10\/pame-auto-prevoz-nakladnich-automobilu.jpg\" class=\"attachment-towy-square size-towy-square\" alt=\"\" loading=\"lazy\" title=\"\" srcset=\"https:\/\/pameauto.cz\/wp-content\/uploads\/2020\/10\/pame-auto-prevoz-nakladnich-automobilu.jpg 512w, https:\/\/pameauto.cz\/wp-content\/uploads\/2020\/10\/pame-auto-prevoz-nakladnich-automobilu-300x225.jpg 300w, https:\/\/pameauto.cz\/wp-content\/uploads\/2020\/10\/pame-auto-prevoz-nakladnich-automobilu-16x12.jpg 16w\" sizes=\"(max-width: 512px) 100vw, 512px\" \/>\t\t\t\t\t<!--<img src=\"\/\/pameauto.cz\/wp-content\/uploads\/2020\/10\/pame-auto-prevoz-nakladnich-automobilu.jpg\"\n\t\t\t\t\t     alt=\"\">-->\n\t\t\t\t\t\t\t\t<\/div>\n\t\t\t\t\t\t<div>\n\t\t\t\t<img width=\"512\" height=\"384\" src=\"https:\/\/pameauto.cz\/wp-content\/uploads\/2020\/10\/049.jpg\" class=\"attachment-towy-square size-towy-square\" alt=\"\" loading=\"lazy\" title=\"\" srcset=\"https:\/\/pameauto.cz\/wp-content\/uploads\/2020\/10\/049.jpg 512w, https:\/\/pameauto.cz\/wp-content\/uploads\/2020\/10\/049-300x225.jpg 300w, https:\/\/pameauto.cz\/wp-content\/uploads\/2020\/10\/049-16x12.jpg 16w\" sizes=\"(max-width: 512px) 100vw, 512px\" \/>\t\t\t\t\t<!--<img src=\"\/\/pameauto.cz\/wp-content\/uploads\/2020\/10\/049.jpg\"\n\t\t\t\t\t     alt=\"\">-->\n\t\t\t\t\t\t\t\t<\/div>\n\t\t\t<\/div>\n    <\/div>\n<\/div>\n<div  id=\"column-38bc54e\" class=\"fw-column fw-column col-xs-12\" >\n\n\t<div class=\"column-overlay\"><\/div>\n\n\t<div class=\"fw-column-inner\"><div class=\"owl-carousel\"\n     data-items=\"3\"\n     data-loop=\"false\"\n     data-nav=\"false\"\n     data-dots=\"true\"\n     data-center=\"false\"\n     data-autoplay=\"true\"\n     data-speed=\"5000\"\n     data-responsive-lg=\"3\"\n     data-responsive-md=\"3\"\n     data-responsive-sm=\"3\"\n     data-responsive-xs=\"1\"\n     data-margin=\"30\"\n>\n\t\t\t\t<div>\n\t\t\t\t<img width=\"512\" height=\"384\" src=\"https:\/\/pameauto.cz\/wp-content\/uploads\/2020\/10\/pame-auto-prevoz-busu.jpg\" class=\"attachment-towy-square size-towy-square\" alt=\"pame-auto p\u0159evoz busu\" loading=\"lazy\" title=\"\" srcset=\"https:\/\/pameauto.cz\/wp-content\/uploads\/2020\/10\/pame-auto-prevoz-busu.jpg 512w, https:\/\/pameauto.cz\/wp-content\/uploads\/2020\/10\/pame-auto-prevoz-busu-300x225.jpg 300w, https:\/\/pameauto.cz\/wp-content\/uploads\/2020\/10\/pame-auto-prevoz-busu-16x12.jpg 16w\" sizes=\"(max-width: 512px) 100vw, 512px\" \/>\t\t\t\t\t<!--<img src=\"\/\/pameauto.cz\/wp-content\/uploads\/2020\/10\/pame-auto-prevoz-busu.jpg\"\n\t\t\t\t\t     alt=\"\">-->\n\t\t\t\t\t\t\t\t<\/div>\n\t\t\t\t\t\t<div>\n\t\t\t\t<img width=\"512\" height=\"384\" src=\"https:\/\/pameauto.cz\/wp-content\/uploads\/2020\/10\/Nadmerny-naklad-1.jpg\" class=\"attachment-towy-square size-towy-square\" alt=\"Nadm\u011brn\u00fd n\u00e1klad pame-auto\" loading=\"lazy\" title=\"\" srcset=\"https:\/\/pameauto.cz\/wp-content\/uploads\/2020\/10\/Nadmerny-naklad-1.jpg 512w, https:\/\/pameauto.cz\/wp-content\/uploads\/2020\/10\/Nadmerny-naklad-1-300x225.jpg 300w, https:\/\/pameauto.cz\/wp-content\/uploads\/2020\/10\/Nadmerny-naklad-1-16x12.jpg 16w\" sizes=\"(max-width: 512px) 100vw, 512px\" \/>\t\t\t\t\t<!--<img src=\"\/\/pameauto.cz\/wp-content\/uploads\/2020\/10\/Nadmerny-naklad-1.jpg\"\n\t\t\t\t\t     alt=\"\">-->\n\t\t\t\t\t\t\t\t<\/div>\n\t\t\t\t\t\t<div>\n\t\t\t\t<img width=\"512\" height=\"384\" src=\"https:\/\/pameauto.cz\/wp-content\/uploads\/2020\/10\/030.jpg\" class=\"attachment-towy-square size-towy-square\" alt=\"Nadm\u011brn\u00fd n\u00e1klad pame-auto\" loading=\"lazy\" title=\"\" srcset=\"https:\/\/pameauto.cz\/wp-content\/uploads\/2020\/10\/030.jpg 512w, https:\/\/pameauto.cz\/wp-content\/uploads\/2020\/10\/030-300x225.jpg 300w, https:\/\/pameauto.cz\/wp-content\/uploads\/2020\/10\/030-16x12.jpg 16w\" sizes=\"(max-width: 512px) 100vw, 512px\" \/>\t\t\t\t\t<!--<img src=\"\/\/pameauto.cz\/wp-content\/uploads\/2020\/10\/030.jpg\"\n\t\t\t\t\t     alt=\"\">-->\n\t\t\t\t\t\t\t\t<\/div>\n\t\t\t<\/div>\n    <\/div>\n<\/div>\n\t\t<\/div>\n\t<\/div>\n<\/section>\n<section class=\"fw-main-row  ls section_padding_top_5 section_padding_bottom_15 columns_padding_15\" style=\"\" >\n\t<div class=\"container\">\n\t\t<div class=\"row\">\n\t\t\t<div  id=\"column-d072c19\" class=\"fw-column fw-column col-xs-12\" >\n\n\t<div class=\"column-overlay\"><\/div>\n\n\t<div class=\"fw-column-inner\">\n\t<div class=\"fw-divider-zebra\"><hr class=\"zebra_bg divider_center\"\/><\/div>\n\n    <\/div>\n<\/div>\n<div  id=\"column-33a12a6\" class=\"fw-column fw-column col-xs-12 col-md-6 to_animate\" data-animation=\"fadeInLeft\">\n\n\t<div class=\"column-overlay\"><\/div>\n\n\t<div class=\"fw-column-inner\"><img class=\"shortcode-media-image\" src=\"\/\/pameauto.cz\/wp-content\/uploads\/2020\/10\/Nadmerny-naklad-4.jpg\" alt=\"Nadm\u011brn\u00fd n\u00e1klad pame-auto\" \/>    <\/div>\n<\/div>\n<div  id=\"column-522b5ba\" class=\"fw-column fw-column col-xs-12 col-md-6 to_animate\" data-animation=\"fadeInRight\">\n\n\t<div class=\"column-overlay\"><\/div>\n\n\t<div class=\"fw-column-inner\"><div class=\"text-left\">\n\t<h3 class=\"section_header\">\n\t<span class=\"thin text-uppercase\">\n\t\tTRANSPORTATION <strong>EXCESSIVE COST<\/strong>\t<\/span>\n\t<\/h3>\n<\/div>\n\n\t<div class=\"fw-divider-zebra\"><hr class=\"zebra_bg divider_left\"\/><\/div>\n\n<div class=\"text-block\">\n\t<p class=\" translation-block\">We provide complete services for the transport of excessive and oversized cargo. We plan the route, provide the necessary permits, loading the cargo, complete transport and unloading at your designated location.<\/p><\/div>\n<div class=\"text-block\">\n\t<ul class=\"list2 grey\"><li>TRANSPORTATION <strong>of building cells \/ containers, platforms and metallurgical products<\/strong><\/li><li>TRANSPORTATION <strong>of building components, metal and bridge structures<\/strong><\/li><li>TRANSPORTATION <strong>of steel wires, pipes and cables on spools<\/strong><\/li><li>TRANSPORTATION <strong>of military equipment and Christmas trees<\/strong><\/li><li>TRANSPORTATION <strong>of bridge prefabricated parts and other oversized cargo<\/strong><\/li><\/ul><\/div>\n    <\/div>\n<\/div>\n<div  id=\"column-05833bb\" class=\"fw-column fw-column col-xs-12\" >\n\n\t<div class=\"column-overlay\"><\/div>\n\n\t<div class=\"fw-column-inner\"><div class=\"owl-carousel\"\n     data-items=\"3\"\n     data-loop=\"false\"\n     data-nav=\"false\"\n     data-dots=\"true\"\n     data-center=\"false\"\n     data-autoplay=\"true\"\n     data-speed=\"5000\"\n     data-responsive-lg=\"3\"\n     data-responsive-md=\"3\"\n     data-responsive-sm=\"3\"\n     data-responsive-xs=\"1\"\n     data-margin=\"30\"\n>\n\t\t\t\t<div>\n\t\t\t\t<img width=\"512\" height=\"384\" src=\"https:\/\/pameauto.cz\/wp-content\/uploads\/2020\/10\/Preprava-objektu-Pame-auto.jpg\" class=\"attachment-towy-square size-towy-square\" alt=\"P\u0159eprava objektu Pame-auto\" loading=\"lazy\" title=\"\" srcset=\"https:\/\/pameauto.cz\/wp-content\/uploads\/2020\/10\/Preprava-objektu-Pame-auto.jpg 512w, https:\/\/pameauto.cz\/wp-content\/uploads\/2020\/10\/Preprava-objektu-Pame-auto-300x225.jpg 300w, https:\/\/pameauto.cz\/wp-content\/uploads\/2020\/10\/Preprava-objektu-Pame-auto-16x12.jpg 16w\" sizes=\"(max-width: 512px) 100vw, 512px\" \/>\t\t\t\t\t<!--<img src=\"\/\/pameauto.cz\/wp-content\/uploads\/2020\/10\/Preprava-objektu-Pame-auto.jpg\"\n\t\t\t\t\t     alt=\"\">-->\n\t\t\t\t\t\t\t\t<\/div>\n\t\t\t\t\t\t<div>\n\t\t\t\t<img width=\"512\" height=\"384\" src=\"https:\/\/pameauto.cz\/wp-content\/uploads\/2020\/10\/pame-auto-prevoz-objektu-2.jpg\" class=\"attachment-towy-square size-towy-square\" alt=\"\" loading=\"lazy\" title=\"\" srcset=\"https:\/\/pameauto.cz\/wp-content\/uploads\/2020\/10\/pame-auto-prevoz-objektu-2.jpg 512w, https:\/\/pameauto.cz\/wp-content\/uploads\/2020\/10\/pame-auto-prevoz-objektu-2-300x225.jpg 300w, https:\/\/pameauto.cz\/wp-content\/uploads\/2020\/10\/pame-auto-prevoz-objektu-2-16x12.jpg 16w\" sizes=\"(max-width: 512px) 100vw, 512px\" \/>\t\t\t\t\t<!--<img src=\"\/\/pameauto.cz\/wp-content\/uploads\/2020\/10\/pame-auto-prevoz-objektu-2.jpg\"\n\t\t\t\t\t     alt=\"\">-->\n\t\t\t\t\t\t\t\t<\/div>\n\t\t\t\t\t\t<div>\n\t\t\t\t<img width=\"512\" height=\"384\" src=\"https:\/\/pameauto.cz\/wp-content\/uploads\/2020\/10\/unnamed.jpg\" class=\"attachment-towy-square size-towy-square\" alt=\"\" loading=\"lazy\" title=\"\" srcset=\"https:\/\/pameauto.cz\/wp-content\/uploads\/2020\/10\/unnamed.jpg 512w, https:\/\/pameauto.cz\/wp-content\/uploads\/2020\/10\/unnamed-300x225.jpg 300w, https:\/\/pameauto.cz\/wp-content\/uploads\/2020\/10\/unnamed-16x12.jpg 16w\" sizes=\"(max-width: 512px) 100vw, 512px\" \/>\t\t\t\t\t<!--<img src=\"\/\/pameauto.cz\/wp-content\/uploads\/2020\/10\/unnamed.jpg\"\n\t\t\t\t\t     alt=\"\">-->\n\t\t\t\t\t\t\t\t<\/div>\n\t\t\t<\/div>\n    <\/div>\n<\/div>\n<div  id=\"column-72d2c60\" class=\"fw-column fw-column col-xs-12\" >\n\n\t<div class=\"column-overlay\"><\/div>\n\n\t<div class=\"fw-column-inner\"><div class=\"owl-carousel\"\n     data-items=\"3\"\n     data-loop=\"false\"\n     data-nav=\"false\"\n     data-dots=\"true\"\n     data-center=\"false\"\n     data-autoplay=\"true\"\n     data-speed=\"5000\"\n     data-responsive-lg=\"3\"\n     data-responsive-md=\"3\"\n     data-responsive-sm=\"3\"\n     data-responsive-xs=\"1\"\n     data-margin=\"30\"\n>\n\t\t\t\t<div>\n\t\t\t\t<img width=\"512\" height=\"384\" src=\"https:\/\/pameauto.cz\/wp-content\/uploads\/2020\/10\/Pracovni-vozidlo-3.jpg\" class=\"attachment-towy-square size-towy-square\" alt=\"Pracovn\u00ed vozidlo pame-auto\" loading=\"lazy\" title=\"\" srcset=\"https:\/\/pameauto.cz\/wp-content\/uploads\/2020\/10\/Pracovni-vozidlo-3.jpg 512w, https:\/\/pameauto.cz\/wp-content\/uploads\/2020\/10\/Pracovni-vozidlo-3-300x225.jpg 300w, https:\/\/pameauto.cz\/wp-content\/uploads\/2020\/10\/Pracovni-vozidlo-3-16x12.jpg 16w\" sizes=\"(max-width: 512px) 100vw, 512px\" \/>\t\t\t\t\t<!--<img src=\"\/\/pameauto.cz\/wp-content\/uploads\/2020\/10\/Pracovni-vozidlo-3.jpg\"\n\t\t\t\t\t     alt=\"\">-->\n\t\t\t\t\t\t\t\t<\/div>\n\t\t\t\t\t\t<div>\n\t\t\t\t<img width=\"512\" height=\"384\" src=\"https:\/\/pameauto.cz\/wp-content\/uploads\/2020\/10\/gALERIE.jpg\" class=\"attachment-towy-square size-towy-square\" alt=\"Pracovn\u00ed vozidlo pame-auto\" loading=\"lazy\" title=\"\" srcset=\"https:\/\/pameauto.cz\/wp-content\/uploads\/2020\/10\/gALERIE.jpg 512w, https:\/\/pameauto.cz\/wp-content\/uploads\/2020\/10\/gALERIE-300x225.jpg 300w, https:\/\/pameauto.cz\/wp-content\/uploads\/2020\/10\/gALERIE-16x12.jpg 16w\" sizes=\"(max-width: 512px) 100vw, 512px\" \/>\t\t\t\t\t<!--<img src=\"\/\/pameauto.cz\/wp-content\/uploads\/2020\/10\/gALERIE.jpg\"\n\t\t\t\t\t     alt=\"\">-->\n\t\t\t\t\t\t\t\t<\/div>\n\t\t\t\t\t\t<div>\n\t\t\t\t<img width=\"512\" height=\"384\" src=\"https:\/\/pameauto.cz\/wp-content\/uploads\/2020\/10\/Pame-auto-objekt-Trubky.jpg\" class=\"attachment-towy-square size-towy-square\" alt=\"Pame-auto objekt Trubky\" loading=\"lazy\" title=\"\" srcset=\"https:\/\/pameauto.cz\/wp-content\/uploads\/2020\/10\/Pame-auto-objekt-Trubky.jpg 512w, https:\/\/pameauto.cz\/wp-content\/uploads\/2020\/10\/Pame-auto-objekt-Trubky-300x225.jpg 300w, https:\/\/pameauto.cz\/wp-content\/uploads\/2020\/10\/Pame-auto-objekt-Trubky-16x12.jpg 16w\" sizes=\"(max-width: 512px) 100vw, 512px\" \/>\t\t\t\t\t<!--<img src=\"\/\/pameauto.cz\/wp-content\/uploads\/2020\/10\/Pame-auto-objekt-Trubky.jpg\"\n\t\t\t\t\t     alt=\"\">-->\n\t\t\t\t\t\t\t\t<\/div>\n\t\t\t<\/div>\n    <\/div>\n<\/div>\n\t\t<\/div>\n\t<\/div>\n<\/section>\n<\/p>","protected":false},"excerpt":{"rendered":"<p>P\u0159eprava automobil\u016f, motocykl\u016f a karavan\u016f P\u0159eprava osobn\u00edch, sportovn\u00edch, u\u017eitkov\u00fdch a mal\u00fdch n\u00e1kladn\u00edch automobil\u016f, karavan\u016f a motocykl\u016f po \u010cR i EU.\u00a0Zaru\u010dujeme<\/p>","protected":false},"author":1,"featured_media":0,"parent":0,"menu_order":0,"comment_status":"closed","ping_status":"closed","template":"","meta":[],"yoast_head":"<!-- This site is optimized with the Yoast SEO plugin v15.2.1 - https:\/\/yoast.com\/wordpress\/plugins\/seo\/ -->\n<title>Autodoprava - PAME-AUTO, s.r.o.<\/title>\n<meta name=\"robots\" content=\"index, follow, max-snippet:-1, max-image-preview:large, max-video-preview:-1\" \/>\n<link rel=\"canonical\" href=\"https:\/\/pameauto.cz\/en\/autodoprava\/\" \/>\n<meta property=\"og:locale\" content=\"en_US\" \/>\n<meta property=\"og:type\" content=\"article\" \/>\n<meta property=\"og:title\" content=\"Autodoprava - PAME-AUTO, s.r.o.\" \/>\n<meta property=\"og:description\" content=\"P\u0159eprava automobil\u016f, motocykl\u016f a karavan\u016f P\u0159eprava osobn\u00edch, sportovn\u00edch, u\u017eitkov\u00fdch a mal\u00fdch n\u00e1kladn\u00edch automobil\u016f, karavan\u016f a motocykl\u016f po \u010cR i EU.\u00a0Zaru\u010dujeme\" \/>\n<meta property=\"og:url\" content=\"https:\/\/pameauto.cz\/en\/autodoprava\/\" \/>\n<meta property=\"og:site_name\" content=\"PAME-AUTO, s.r.o.\" \/>\n<meta property=\"article:modified_time\" content=\"2022-12-19T11:24:05+00:00\" \/>\n<meta name=\"twitter:card\" content=\"summary_large_image\" \/>\n<meta name=\"twitter:label1\" content=\"Written by\">\n\t<meta name=\"twitter:data1\" content=\"admin\">\n\t<meta name=\"twitter:label2\" content=\"Est. reading time\">\n\t<meta name=\"twitter:data2\" content=\"0 minutes\">\n<script type=\"application\/ld+json\" class=\"yoast-schema-graph\">{\"@context\":\"https:\/\/schema.org\",\"@graph\":[{\"@type\":\"WebSite\",\"@id\":\"https:\/\/pameauto.cz\/#website\",\"url\":\"https:\/\/pameauto.cz\/\",\"name\":\"PAME-AUTO, s.r.o.\",\"description\":\"24\/7 NONSTOP odtahov\\u00e9 slu\\u017eby a pomoc motorist\\u016fm!\",\"potentialAction\":[{\"@type\":\"SearchAction\",\"target\":\"https:\/\/pameauto.cz\/?s={search_term_string}\",\"query-input\":\"required name=search_term_string\"}],\"inLanguage\":\"en-US\"},{\"@type\":\"WebPage\",\"@id\":\"https:\/\/pameauto.cz\/autodoprava\/#webpage\",\"url\":\"https:\/\/pameauto.cz\/autodoprava\/\",\"name\":\"Autodoprava - PAME-AUTO, s.r.o.\",\"isPartOf\":{\"@id\":\"https:\/\/pameauto.cz\/#website\"},\"datePublished\":\"2020-10-30T07:40:30+00:00\",\"dateModified\":\"2022-12-19T11:24:05+00:00\",\"inLanguage\":\"en-US\",\"potentialAction\":[{\"@type\":\"ReadAction\",\"target\":[\"https:\/\/pameauto.cz\/autodoprava\/\"]}]}]}<\/script>\n<!-- \/ Yoast SEO plugin. -->","_links":{"self":[{"href":"https:\/\/pameauto.cz\/en\/wp-json\/wp\/v2\/pages\/3080"}],"collection":[{"href":"https:\/\/pameauto.cz\/en\/wp-json\/wp\/v2\/pages"}],"about":[{"href":"https:\/\/pameauto.cz\/en\/wp-json\/wp\/v2\/types\/page"}],"author":[{"embeddable":true,"href":"https:\/\/pameauto.cz\/en\/wp-json\/wp\/v2\/users\/1"}],"replies":[{"embeddable":true,"href":"https:\/\/pameauto.cz\/en\/wp-json\/wp\/v2\/comments?post=3080"}],"version-history":[{"count":30,"href":"https:\/\/pameauto.cz\/en\/wp-json\/wp\/v2\/pages\/3080\/revisions"}],"predecessor-version":[{"id":3683,"href":"https:\/\/pameauto.cz\/en\/wp-json\/wp\/v2\/pages\/3080\/revisions\/3683"}],"wp:attachment":[{"href":"https:\/\/pameauto.cz\/en\/wp-json\/wp\/v2\/media?parent=3080"}],"curies":[{"name":"wp","href":"https:\/\/api.w.org\/{rel}","templated":true}]}}